{"id":183,"date":"2019-01-07T16:07:15","date_gmt":"2019-01-07T16:07:15","guid":{"rendered":"http:\/\/icom-dominican-republic.icom.cust.oxymium.net\/members\/cuotas-de-membresias\/"},"modified":"2019-01-07T16:09:00","modified_gmt":"2019-01-07T16:09:00","slug":"cuotas-de-membresias","status":"publish","type":"page","link":"https:\/\/icom-dominican-republic.mini.icom.museum\/en\/members\/cuotas-de-membresias\/","title":{"rendered":"Cuotas de membres\u00edas"},"content":{"rendered":"<div id=\"RTE_CONTENT\"> <!--TYPO3SEARCH_begin--> \t<!--  CONTENT ELEMENT, uid:8174\/text [begin] --> \t\t<\/p>\n<div id=\"c8174\"> \t\t<!--  Text: [begin] --> \t\t\t<\/p>\n<p>\u00b7\u00a0\u00a0\u00a0\u00a0 La membres\u00eda en el ICOM es v\u00e1lida por el a\u00f1o calendario, y la fecha l\u00edmite es el 20 de febrero de cada a\u00f1o. <\/p>\n<p>\u00b7\u00a0\u00a0\u00a0\u00a0 El pago se hace en pesos dominicanos, a trav\u00e9s de la oficina del ICOM Dominicano, o por transferencia bancaria. El monto a pagar incluye la cuota local y la cuota internacional.  <\/p>\n<p>\u00b7\u00a0\u00a0\u00a0\u00a0 Para mayor informaci\u00f3n acerca de su pago, comunicarse con nosotros llamando al (809) 221-8357, o escribi\u00e9ndonos al correo electr\u00f3nico <a href=\"mailto:icom.do@gmail.com\">icom.do@gmail.com<\/a>. <\/p>\n<p>\u00a0<\/p>\n<p> \t\t<!--  Text: [end] --> \t\t\t   \t<!--  \t\tBEGIN: Content of extension \"hpo_relatedlink\", plugin \"tx_hporelatedlink_pi1\"  \t--> \t<\/p>\n<div> \t\t \t<\/div>\n<p> \t \t<!-- END: Content of extension \"hpo_relatedlink\", plugin \"tx_hporelatedlink_pi1\" -->  \t<\/div>\n<p> \t<!--  CONTENT ELEMENT, uid:8174\/text [end] --> \t\t<!--TYPO3SEARCH_end--> <\/div>\n","protected":false},"excerpt":{"rendered":"<p>\u00b7\u00a0\u00a0\u00a0\u00a0 La membres\u00eda en el ICOM es v\u00e1lida por el a\u00f1o calendario, y la fecha l\u00edmite es el 20 de febrero de cada a\u00f1o. \u00b7\u00a0\u00a0\u00a0\u00a0 El pago se hace en pesos dominicanos, a trav\u00e9s de la oficina del ICOM Dominicano, o por transferencia bancaria. El monto a pagar incluye la cuota local y la cuota [&hellip;]<\/p>\n","protected":false},"author":1,"featured_media":0,"parent":145,"menu_order":3,"comment_status":"closed","ping_status":"closed","template":"","meta":{"footnotes":""},"yst_prominent_words":[],"acf":[],"_links":{"self":[{"href":"https:\/\/icom-dominican-republic.mini.icom.museum\/en\/wp-json\/wp\/v2\/pages\/183"}],"collection":[{"href":"https:\/\/icom-dominican-republic.mini.icom.museum\/en\/wp-json\/wp\/v2\/pages"}],"about":[{"href":"https:\/\/icom-dominican-republic.mini.icom.museum\/en\/wp-json\/wp\/v2\/types\/page"}],"author":[{"embeddable":true,"href":"https:\/\/icom-dominican-republic.mini.icom.museum\/en\/wp-json\/wp\/v2\/users\/1"}],"replies":[{"embeddable":true,"href":"https:\/\/icom-dominican-republic.mini.icom.museum\/en\/wp-json\/wp\/v2\/comments?post=183"}],"version-history":[{"count":1,"href":"https:\/\/icom-dominican-republic.mini.icom.museum\/en\/wp-json\/wp\/v2\/pages\/183\/revisions"}],"predecessor-version":[{"id":365,"href":"https:\/\/icom-dominican-republic.mini.icom.museum\/en\/wp-json\/wp\/v2\/pages\/183\/revisions\/365"}],"up":[{"embeddable":true,"href":"https:\/\/icom-dominican-republic.mini.icom.museum\/en\/wp-json\/wp\/v2\/pages\/145"}],"wp:attachment":[{"href":"https:\/\/icom-dominican-republic.mini.icom.museum\/en\/wp-json\/wp\/v2\/media?parent=183"}],"wp:term":[{"taxonomy":"yst_prominent_words","embeddable":true,"href":"https:\/\/icom-dominican-republic.mini.icom.museum\/en\/wp-json\/wp\/v2\/yst_prominent_words?post=183"}],"curies":[{"name":"wp","href":"https:\/\/api.w.org\/{rel}","templated":true}]}}